{"id":55,"date":"2023-01-04T15:31:59","date_gmt":"2023-01-04T15:31:59","guid":{"rendered":"https:\/\/www.bgt.hu\/newsite\/?page_id=55"},"modified":"2026-01-13T14:54:07","modified_gmt":"2026-01-13T14:54:07","slug":"offices-contact-persons","status":"publish","type":"page","link":"https:\/\/www.bgt.hu\/en\/offices-contact-persons\/","title":{"rendered":"Contact"},"content":{"rendered":"\n<h1>Contact<\/h1>\n\n\n\n<h2>Budapest Office<\/h2>\n\n\n\n<p>Bart\u00f3k B\u00e9la \u00fat 152\/H.<br>1113 Budapest<br>Hungary<\/p>\n\n\n\n<p>Phone: +36 1 204 1961<br>Fax: +36 1 204 1988<\/p>\n\n\n<div class=\"cbxgooglemap_wrapper cbxgooglemap_wrapper_hideleaflet\"><div class=\"cbxgooglemap_embed\" data-render=\"0\" data-mapsource=\"0\" style=\"width: 100%; height: 300px;\" data-scrollwheel=\"1\"  data-showinfo=\"1\" data-infow_open=\"1\" data-heading=\"BGT Budapest Office\" data-address=\"1113 Budapest, Bart\u00f3k B\u00e9la \u00fat 152\/H.\" data-website=\"\"  data-mapicon=\"\" data-maptype=\"roadmap\" data-lat=\"47.46826162842144\" data-lng=\"19.02499548214519\" data-zoom=\"18\" ><\/div><\/div>\n\n\n\n<h5>Contact Persons<\/h5>\n\n\n\n<p>Istv\u00e1n W\u00e9ber<br>e-mail: weber@bgt.hu<\/p>\n\n\n\n<p>Imre Szab\u00f3<br>e-mail: szabo@bgt.hu<\/p>\n\n\n\n<p>Szabolcs Halm\u00f3czki<br>e-mail: halmoczki@bgt.hu<\/p>\n\n\n\n<h2>Debrecen Office<\/h2>\n\n\n\n<p>Bem t\u00e9r 18\/c.<br>4026 Debrecen<br>Hungary<\/p>\n\n\n\n<p>Phone: +36 52 784 243<\/p>\n\n\n<div class=\"cbxgooglemap_wrapper cbxgooglemap_wrapper_hideleaflet\"><div class=\"cbxgooglemap_embed\" data-render=\"0\" data-mapsource=\"0\" style=\"width: 100%; height: 300px;\" data-scrollwheel=\"1\"  data-showinfo=\"1\" data-infow_open=\"1\" data-heading=\"BGT Debrecen Office\" data-address=\"4026 Debrecen, Bem t\u00e9r 18\/c.\" data-website=\"\"  data-mapicon=\"\" data-maptype=\"roadmap\" data-lat=\"47.54339180176699\" data-lng=\"21.62323702166914\" data-zoom=\"18\" ><\/div><\/div>\n\n\n\n<h5>Contact Person<\/h5>\n\n\n\n<p>B\u00e9la Finta<br>e-mail: finta@bgt.hu<\/p>\n","protected":false},"excerpt":{"rendered":"<p>Contact Budapest Office Bart\u00f3k B\u00e9la \u00fat 152\/H.1113 BudapestHungary Phone: +36 1 204 1961Fax: +36 1 204 1988 Contact Persons Istv\u00e1n W\u00e9bere-mail: weber@bgt.hu Imre Szab\u00f3e-mail: szabo@bgt.hu Szabolcs Halm\u00f3czkie-mail: halmoczki@bgt.hu Debrecen Office Bem t\u00e9r 18\/c.4026 DebrecenHungary Phone: +36 52 784 243 Contact Person B\u00e9la Fintae-mail: finta@bgt.hu<\/p>\n","protected":false},"author":1,"featured_media":0,"parent":0,"menu_order":0,"comment_status":"closed","ping_status":"closed","template":"","meta":[],"_links":{"self":[{"href":"https:\/\/www.bgt.hu\/en\/wp-json\/wp\/v2\/pages\/55"}],"collection":[{"href":"https:\/\/www.bgt.hu\/en\/wp-json\/wp\/v2\/pages"}],"about":[{"href":"https:\/\/www.bgt.hu\/en\/wp-json\/wp\/v2\/types\/page"}],"author":[{"embeddable":true,"href":"https:\/\/www.bgt.hu\/en\/wp-json\/wp\/v2\/users\/1"}],"replies":[{"embeddable":true,"href":"https:\/\/www.bgt.hu\/en\/wp-json\/wp\/v2\/comments?post=55"}],"version-history":[{"count":37,"href":"https:\/\/www.bgt.hu\/en\/wp-json\/wp\/v2\/pages\/55\/revisions"}],"predecessor-version":[{"id":506,"href":"https:\/\/www.bgt.hu\/en\/wp-json\/wp\/v2\/pages\/55\/revisions\/506"}],"wp:attachment":[{"href":"https:\/\/www.bgt.hu\/en\/wp-json\/wp\/v2\/media?parent=55"}],"curies":[{"name":"wp","href":"https:\/\/api.w.org\/{rel}","templated":true}]}}